{"id":125,"date":"2018-06-24T17:21:34","date_gmt":"2018-06-24T15:21:34","guid":{"rendered":"http:\/\/jardinsiyi.cluster026.hosting.ovh.net\/?page_id=125"},"modified":"2023-06-30T10:39:54","modified_gmt":"2023-06-30T08:39:54","slug":"mentions-legales","status":"publish","type":"page","link":"https:\/\/www.jardins-imaginaire.com\/en\/mentions-legales\/","title":{"rendered":"Legal information and credits"},"content":{"rendered":"<p>Website editor<br \/>\nIn-house<\/p>\n<p>Photo credits<br \/>\nCommune de Terrasson-Lavilledieu &#8211; De Givry &#8211; Devise &#8211; Arts Sensibles<\/p>\n<p>Hosting<br \/>\nOVH<br \/>\nHead office<br \/>\n2 rue Kellermann<br \/>\n59100 Roubaix<br \/>\nFrance<\/p>\n<p>OWNERSHIP OF THE SITE<\/p>\n<p>This site is the property of the Commune of Terrasson-Lavilledieu.<\/p>\n<p>Municipality of Terrasson-Lavilledieu<br \/>\n12, avenue Charles de Gaulle<br \/>\n24120 TERRASS0N-LAVILLEDIEU<br \/>\nTel: 05 53 51 47 00<\/p>\n<p>EDITORIAL RESPONSIBILITY<\/p>\n<p>The publications on this site are produced by the Commune of Terrasson-Lavilledieu.<\/p>\n<p>HOSTING<\/p>\n<p>OVH<br \/>\nRegistered office: OVH &#8211; 2 rue Kellermann &#8211; 59100 Roubaix &#8211; France<br \/>\nSAS with capital of \u20ac10,059,500<br \/>\nRCS Lille M\u00e9tropole 424 761 419 00045<br \/>\nWebsite: ovh.com<\/p>\n<p>DEVELOPMENT<\/p>\n<p>The www.jardins-imaginaire.com website was created in-house.<\/p>\n<p>Photo credits<br \/>\nCommune de Terrasson-Lavilledieu &#8211; Office de Tourisme de Terrasson-Lavilledieu &#8211; De Givry &#8211; Devise &#8211; Arts Sensibles<\/p>\n<p>INTELLECTUAL PROPERTY<\/p>\n<p>This entire site is covered by French and international legislation on copyright and intellectual property. All reproduction rights are reserved, including for downloadable documents and iconographic and photographic representations. Unless otherwise stated, the content of this site is the property of the Commune of Terrasson-Lavilledieu. Consequently, and unless otherwise stated, any use of the content of the site may only be made with the written authorisation of the Commune of Terrasson-Lavilledieu, which remains the sole judge. Any reproduction or representation, even partial, by any means whatsoever, without the written consent of the Commune of Terrasson-Lavilledieu is prohibited and unlawful. Failure to comply with this prohibition constitutes an infringement that may incur the civil and criminal liability of the infringer.<\/p>\n<p><strong style=\"font-size: revert;\">Droits d&#8217;auteurs et propri\u00e9t\u00e9 intellectuelle<\/strong><\/p>\n<p>Le pr\u00e9sent site constitue une \u0153uvre dont l&#8217;office de tourisme est l\u2019auteur au sens des articles L.111-1 et suivants du Code de la propri\u00e9t\u00e9 intellectuelle. Sauf autorisation \u00e9crite de la Commune de Terrasson Lavilledieu, toute utilisation des \u0153uvres autres que la reproduction et la consultation individuelles et priv\u00e9es, conformes \u00e0 l\u2019article L.122-5 du Code de la propri\u00e9t\u00e9 intellectuelle, est interdite.<br \/>\nEn aucun cas, ces reproductions ne sauraient porter pr\u00e9judice aux droits des tiers.<\/p>\n<p><strong>H\u00e9bergement<\/strong><br \/>\nOVH<br \/>\nSi\u00e8ge social<br \/>\n2 rue Kellermann<br \/>\n59100 Roubaix<br \/>\nFrance<\/p>\n","protected":false},"excerpt":{"rendered":"<p>Website editor In-house Photo credits Commune de Terrasson-Lavilledieu &#8211; De Givry &#8211; Devise &#8211; Arts Sensibles Hosting OVH Head office [&hellip;]<\/p>\n","protected":false},"author":1,"featured_media":0,"parent":0,"menu_order":0,"comment_status":"closed","ping_status":"closed","template":"","meta":{"site-sidebar-layout":"default","site-content-layout":"","ast-site-content-layout":"default","site-content-style":"default","site-sidebar-style":"default","ast-global-header-display":"","ast-banner-title-visibility":"","ast-main-header-display":"","ast-hfb-above-header-display":"","ast-hfb-below-header-display":"","ast-hfb-mobile-header-display":"","site-post-title":"","ast-breadcrumbs-content":"","ast-featured-img":"","footer-sml-layout":"","ast-disable-related-posts":"","theme-transparent-header-meta":"","adv-header-id-meta":"","stick-header-meta":"","header-above-stick-meta":"","header-main-stick-meta":"","header-below-stick-meta":"","astra-migrate-meta-layouts":"default","ast-page-background-enabled":"default","ast-page-background-meta":{"desktop":{"background-color":"var(--ast-global-color-5)","background-image":"","background-repeat":"repeat","background-position":"center center","background-size":"auto","background-attachment":"scroll","background-type":"","background-media":"","overlay-type":"","overlay-color":"","overlay-opacity":"","overlay-gradient":""},"tablet":{"background-color":"","background-image":"","background-repeat":"repeat","background-position":"center center","background-size":"auto","background-attachment":"scroll","background-type":"","background-media":"","overlay-type":"","overlay-color":"","overlay-opacity":"","overlay-gradient":""},"mobile":{"background-color":"","background-image":"","background-repeat":"repeat","background-position":"center center","background-size":"auto","background-attachment":"scroll","background-type":"","background-media":"","overlay-type":"","overlay-color":"","overlay-opacity":"","overlay-gradient":""}},"ast-content-background-meta":{"desktop":{"background-color":"var(--ast-global-color-4)","background-image":"","background-repeat":"repeat","background-position":"center center","background-size":"auto","background-attachment":"scroll","background-type":"","background-media":"","overlay-type":"","overlay-color":"","overlay-opacity":"","overlay-gradient":""},"tablet":{"background-color":"var(--ast-global-color-4)","background-image":"","background-repeat":"repeat","background-position":"center center","background-size":"auto","background-attachment":"scroll","background-type":"","background-media":"","overlay-type":"","overlay-color":"","overlay-opacity":"","overlay-gradient":""},"mobile":{"background-color":"var(--ast-global-color-4)","background-image":"","background-repeat":"repeat","background-position":"center center","background-size":"auto","background-attachment":"scroll","background-type":"","background-media":"","overlay-type":"","overlay-color":"","overlay-opacity":"","overlay-gradient":""}},"footnotes":""},"class_list":["post-125","page","type-page","status-publish","hentry"],"translation":{"provider":"WPGlobus","version":"3.0.2","language":"en","enabled_languages":["fr","en"],"languages":{"fr":{"title":true,"content":true,"excerpt":false},"en":{"title":true,"content":true,"excerpt":false}}},"_links":{"self":[{"href":"https:\/\/www.jardins-imaginaire.com\/en\/wp-json\/wp\/v2\/pages\/125","targetHints":{"allow":["GET"]}}],"collection":[{"href":"https:\/\/www.jardins-imaginaire.com\/en\/wp-json\/wp\/v2\/pages"}],"about":[{"href":"https:\/\/www.jardins-imaginaire.com\/en\/wp-json\/wp\/v2\/types\/page"}],"author":[{"embeddable":true,"href":"https:\/\/www.jardins-imaginaire.com\/en\/wp-json\/wp\/v2\/users\/1"}],"replies":[{"embeddable":true,"href":"https:\/\/www.jardins-imaginaire.com\/en\/wp-json\/wp\/v2\/comments?post=125"}],"version-history":[{"count":5,"href":"https:\/\/www.jardins-imaginaire.com\/en\/wp-json\/wp\/v2\/pages\/125\/revisions"}],"predecessor-version":[{"id":1262,"href":"https:\/\/www.jardins-imaginaire.com\/en\/wp-json\/wp\/v2\/pages\/125\/revisions\/1262"}],"wp:attachment":[{"href":"https:\/\/www.jardins-imaginaire.com\/en\/wp-json\/wp\/v2\/media?parent=125"}],"curies":[{"name":"wp","href":"https:\/\/api.w.org\/{rel}","templated":true}]}}