{"id":291,"date":"2018-06-25T18:47:34","date_gmt":"2018-06-25T16:47:34","guid":{"rendered":"http:\/\/jardinsiyi.cluster026.hosting.ovh.net\/?page_id=291"},"modified":"2023-06-30T10:02:18","modified_gmt":"2023-06-30T08:02:18","slug":"liens","status":"publish","type":"page","link":"https:\/\/www.jardins-imaginaire.com\/en\/liens\/","title":{"rendered":"Links"},"content":{"rendered":"<p>Ville de Terrasson Lavilledieu<br \/>\n<a href=\"https:\/\/www.ville-terrasson.com\/\" target=\"_blank\" rel=\"noopener\">ville-terrasson.com<\/a><\/p>\n<p>Office de Tourisme<br \/>\nTerrasson<br \/>\n<a href=\"http:\/\/www.ot-terrasson.com\/cgi-bin\/WEB\/default.asp\" target=\"_blank\" rel=\"noopener\">ot-terrasson.com<\/a><\/p>\n<p>Office de Tourisme<br \/>\nV\u00e9z\u00e8re P\u00e9rigord Noir<br \/>\n<a href=\"http:\/\/www.vezere-perigord.fr\/\" target=\"_blank\" rel=\"noopener\">vezere-perigord.fr<\/a><\/p>\n","protected":false},"excerpt":{"rendered":"<p>Ville de Terrasson Lavilledieu ville-terrasson.com Office de Tourisme Terrasson ot-terrasson.com Office de Tourisme V\u00e9z\u00e8re P\u00e9rigord Noir vezere-perigord.fr<\/p>\n","protected":false},"author":1,"featured_media":0,"parent":0,"menu_order":0,"comment_status":"closed","ping_status":"closed","template":"","meta":{"site-sidebar-layout":"default","site-content-layout":"","ast-site-content-layout":"default","site-content-style":"default","site-sidebar-style":"default","ast-global-header-display":"","ast-banner-title-visibility":"","ast-main-header-display":"","ast-hfb-above-header-display":"","ast-hfb-below-header-display":"","ast-hfb-mobile-header-display":"","site-post-title":"","ast-breadcrumbs-content":"","ast-featured-img":"","footer-sml-layout":"","ast-disable-related-posts":"","theme-transparent-header-meta":"","adv-header-id-meta":"","stick-header-meta":"","header-above-stick-meta":"","header-main-stick-meta":"","header-below-stick-meta":"","astra-migrate-meta-layouts":"default","ast-page-background-enabled":"default","ast-page-background-meta":{"desktop":{"background-color":"var(--ast-global-color-5)","background-image":"","background-repeat":"repeat","background-position":"center center","background-size":"auto","background-attachment":"scroll","background-type":"","background-media":"","overlay-type":"","overlay-color":"","overlay-opacity":"","overlay-gradient":""},"tablet":{"background-color":"","background-image":"","background-repeat":"repeat","background-position":"center center","background-size":"auto","background-attachment":"scroll","background-type":"","background-media":"","overlay-type":"","overlay-color":"","overlay-opacity":"","overlay-gradient":""},"mobile":{"background-color":"","background-image":"","background-repeat":"repeat","background-position":"center center","background-size":"auto","background-attachment":"scroll","background-type":"","background-media":"","overlay-type":"","overlay-color":"","overlay-opacity":"","overlay-gradient":""}},"ast-content-background-meta":{"desktop":{"background-color":"var(--ast-global-color-4)","background-image":"","background-repeat":"repeat","background-position":"center center","background-size":"auto","background-attachment":"scroll","background-type":"","background-media":"","overlay-type":"","overlay-color":"","overlay-opacity":"","overlay-gradient":""},"tablet":{"background-color":"var(--ast-global-color-4)","background-image":"","background-repeat":"repeat","background-position":"center center","background-size":"auto","background-attachment":"scroll","background-type":"","background-media":"","overlay-type":"","overlay-color":"","overlay-opacity":"","overlay-gradient":""},"mobile":{"background-color":"var(--ast-global-color-4)","background-image":"","background-repeat":"repeat","background-position":"center center","background-size":"auto","background-attachment":"scroll","background-type":"","background-media":"","overlay-type":"","overlay-color":"","overlay-opacity":"","overlay-gradient":""}},"footnotes":""},"class_list":["post-291","page","type-page","status-publish","hentry"],"translation":{"provider":"WPGlobus","version":"3.0.2","language":"en","enabled_languages":["fr","en"],"languages":{"fr":{"title":true,"content":true,"excerpt":false},"en":{"title":true,"content":true,"excerpt":false}}},"_links":{"self":[{"href":"https:\/\/www.jardins-imaginaire.com\/en\/wp-json\/wp\/v2\/pages\/291","targetHints":{"allow":["GET"]}}],"collection":[{"href":"https:\/\/www.jardins-imaginaire.com\/en\/wp-json\/wp\/v2\/pages"}],"about":[{"href":"https:\/\/www.jardins-imaginaire.com\/en\/wp-json\/wp\/v2\/types\/page"}],"author":[{"embeddable":true,"href":"https:\/\/www.jardins-imaginaire.com\/en\/wp-json\/wp\/v2\/users\/1"}],"replies":[{"embeddable":true,"href":"https:\/\/www.jardins-imaginaire.com\/en\/wp-json\/wp\/v2\/comments?post=291"}],"version-history":[{"count":2,"href":"https:\/\/www.jardins-imaginaire.com\/en\/wp-json\/wp\/v2\/pages\/291\/revisions"}],"predecessor-version":[{"id":1255,"href":"https:\/\/www.jardins-imaginaire.com\/en\/wp-json\/wp\/v2\/pages\/291\/revisions\/1255"}],"wp:attachment":[{"href":"https:\/\/www.jardins-imaginaire.com\/en\/wp-json\/wp\/v2\/media?parent=291"}],"curies":[{"name":"wp","href":"https:\/\/api.w.org\/{rel}","templated":true}]}}